{"id":9,"date":"2022-01-24T21:32:46","date_gmt":"2022-01-24T21:32:46","guid":{"rendered":"https:\/\/nbas.uwork.com.ua\/?page_id=9"},"modified":"2022-02-07T19:28:32","modified_gmt":"2022-02-07T19:28:32","slug":"o-nas","status":"publish","type":"page","link":"https:\/\/nbas.uwork.com.ua\/?page_id=9","title":{"rendered":"O n\u00e1s"},"content":{"rendered":"<h2>O spole\u010dnosti<\/h2>\n<p>Spole\u010dnost NEO BUILDER a.s. byla zalo\u017eena v roce 2016 jako p\u0159\u00edm\u00fd n\u00e1sledn\u00edk stavebn\u00ed firmy XEDOS s.r.o. NEO BUILDER a.s. je v sou\u010dasn\u00e9 dob\u011b gener\u00e1ln\u00edm dodavatelem staveb, <b>realizuje stavby na kl\u00ed\u010d i rekonstrukce po cel\u00e9 \u010cesk\u00e9 republice.<\/b><\/p>\n<p>NEO BUILDER a.s. z pozice gener\u00e1ln\u00edho dodavatele prim\u00e1rn\u011b a v pln\u00e9m objemu vyu\u017e\u00edv\u00e1 slu\u017eeb p\u0159idru\u017een\u00e9 spole\u010dnost\u00ed XEDOS s.r.o. D\u00edky vysok\u00e9 profesionalit\u011b kmenov\u00fdch zam\u011bstnanc\u016f a jej\u00edch dlouholet\u00fdm praktick\u00fdm zku\u0161enostem spole\u010dnost stabiln\u00edm tempem realizuje zak\u00e1zky s dodr\u017een\u00edm vysok\u00e9 \u00farovn\u011b kvality,<b> inovuje a zlep\u0161uje sv\u00e9 stavebn\u00ed technologie.<\/b><\/p>\n<h2>Historie firmy<\/h2>\n<p>V roce <b>2004<\/b> byla v Praze zalo\u017eena stavebn\u00ed spole\u010dnost XEDOS s.r.o., kter\u00e1 byla p\u0159ejmenov\u00e1na na PVS Group s.r.o. v roce 2021. V prvopo\u010d\u00e1tc\u00edch byla spole\u010dnost zam\u011b\u0159ena na dod\u00e1vku zednick\u00fdch prac\u00ed. B\u011bhem let se ale jej\u00ed p\u016fsobnost dynamicky roz\u0161i\u0159ovala, a ji\u017e <b>od roku 2009 spole\u010dnost vystupovala jako gener\u00e1ln\u00ed dodavatel staveb.<\/b> \u0160irok\u00e9 spektrum \u0159emesel v oblasti stavebnictv\u00ed, kter\u00e9 spole\u010dnost realizovala pomoc\u00ed vlastn\u00edch zam\u011bstnanc\u016f (a postupn\u00e9ho dopl\u0148ov\u00e1n\u00ed jejich po\u010dt\u016f), vyvolala pot\u0159ebu restrukturalizace spole\u010dnosti s rozd\u011blen\u00edm na divize dle \u0159emesel. Nutn\u00e9 bylo zalo\u017een\u00ed dal\u0161\u00ed spole\u010dnosti, kter\u00e1 na sebe p\u0159evzala funkci gener\u00e1ln\u00edho dodavatele.<\/p>\n<p>Dnes je PVS Group s.r.o. sou\u010d\u00e1st\u00ed firmy NEO BUILDER a.s., kter\u00e1 <b>je rozd\u011blena na tyto divize:<\/b><\/p>\n<ul>\n<li><strong>Stavba<\/strong>. Zednick\u00e9 a om\u00edtk\u00e1\u0159sk\u00e9 pr\u00e1ce, st\u011brkov\u00e9 a injekt\u00e1\u017en\u00ed hydroizolace, zateplen\u00ed ETICS, monolity aj..<\/li>\n<li><strong>Izolace<\/strong>. PVC a asfaltov\u00e9 hydroizolace.<\/li>\n<li><strong>Tesa\u0159i<\/strong>. St\u0159echy, pergoly, alt\u00e1ny apod.<\/li>\n<li><strong>Klemp\u00ed\u0159sk\u00e1 d\u00edlna<\/strong>. Klemp\u00ed\u0159sk\u00e9 pr\u00e1ce a v\u00fdrobky.<\/li>\n<li><strong>Truhl\u00e1\u0159i<\/strong>. D\u0159ev\u011bn\u00e9 podlahy, schody, d\u0159ev\u011bn\u00e9 obklady st\u011bn, d\u0159ev\u011bn\u00e9 fas\u00e1dy aj.<\/li>\n<li><strong>Klemp\u00ed\u0159sk\u00e1 d\u00edlna<\/strong>. Klemp\u00ed\u0159sk\u00e9 pr\u00e1ce a v\u00fdrobky..<\/li>\n<li><strong>Z\u00e1me\u010dnick\u00e1 d\u00edlna<\/strong>. Z\u00e1me\u010dnick\u00e9 pr\u00e1ce a v\u00fdrobky<\/li>\n<li><strong>Instalace<\/strong>. Voda, kanalizace, topen\u00ed, plyn a v\u0161e s t\u00edm souvisej\u00edc\u00ed.<\/li>\n<li><strong>Elektro<\/strong>. Silnoproud a slaboproud.<\/li>\n<li><strong>Chytr\u00fd d\u016fm<\/strong>. Ve\u0161ker\u00e9 technologie a syst\u00e9my pro chytr\u00fd d\u016fm.<\/li>\n<li><strong>Pam\u00e1tky<\/strong>. Rekonstrukce a modernizace pam\u00e1tkov\u011b chr\u00e1n\u011bn\u00fdch objekt\u016f architektury.<\/li>\n<\/ul>\n<p>Z\u00e1zem\u00ed v\u010detn\u011b d\u00edlen spole\u010dnost\u00ed je v Praze (ulice P\u0159\u00e1telstv\u00ed 986\/19).<\/p>\n","protected":false},"excerpt":{"rendered":"<p>O spole\u010dnosti Spole\u010dnost NEO BUILDER a.s. byla zalo\u017eena v roce 2016 jako p\u0159\u00edm\u00fd n\u00e1sledn\u00edk stavebn\u00ed firmy XEDOS s.r.o. NEO BUILDER a.s. je v sou\u010dasn\u00e9 dob\u011b gener\u00e1ln\u00edm dodavatelem staveb, realizuje stavby na kl\u00ed\u010d i rekonstrukce po cel\u00e9 \u010cesk\u00e9 republice. NEO BUILDER a.s. z pozice gener\u00e1ln\u00edho dodavatele prim\u00e1rn\u011b a v pln\u00e9m objemu vyu\u017e\u00edv\u00e1 slu\u017eeb p\u0159idru\u017een\u00e9 spole\u010dnost\u00ed XEDOS [&hellip;]<\/p>\n","protected":false},"author":1,"featured_media":0,"parent":0,"menu_order":0,"comment_status":"closed","ping_status":"closed","template":"templates\/onas.php","meta":{"inline_featured_image":false,"footnotes":""},"class_list":["post-9","page","type-page","status-publish","hentry"],"_links":{"self":[{"href":"https:\/\/nbas.uwork.com.ua\/index.php?rest_route=\/wp\/v2\/pages\/9","targetHints":{"allow":["GET"]}}],"collection":[{"href":"https:\/\/nbas.uwork.com.ua\/index.php?rest_route=\/wp\/v2\/pages"}],"about":[{"href":"https:\/\/nbas.uwork.com.ua\/index.php?rest_route=\/wp\/v2\/types\/page"}],"author":[{"embeddable":true,"href":"https:\/\/nbas.uwork.com.ua\/index.php?rest_route=\/wp\/v2\/users\/1"}],"replies":[{"embeddable":true,"href":"https:\/\/nbas.uwork.com.ua\/index.php?rest_route=%2Fwp%2Fv2%2Fcomments&post=9"}],"version-history":[{"count":5,"href":"https:\/\/nbas.uwork.com.ua\/index.php?rest_route=\/wp\/v2\/pages\/9\/revisions"}],"predecessor-version":[{"id":230,"href":"https:\/\/nbas.uwork.com.ua\/index.php?rest_route=\/wp\/v2\/pages\/9\/revisions\/230"}],"wp:attachment":[{"href":"https:\/\/nbas.uwork.com.ua\/index.php?rest_route=%2Fwp%2Fv2%2Fmedia&parent=9"}],"curies":[{"name":"wp","href":"https:\/\/api.w.org\/{rel}","templated":true}]}}