{"id":12,"date":"2022-01-24T21:33:31","date_gmt":"2022-01-24T21:33:31","guid":{"rendered":"https:\/\/nbas.uwork.com.ua\/?page_id=12"},"modified":"2022-02-07T06:45:03","modified_gmt":"2022-02-07T06:45:03","slug":"novostavby","status":"publish","type":"page","link":"https:\/\/nbas.uwork.com.ua\/?page_id=12","title":{"rendered":"Novostavby"},"content":{"rendered":"<p>V\u00a0oblasti novostaveb se spole\u010dnost NEO BUILDER a.s. zam\u011b\u0159uje p\u0159edev\u0161\u00edm na v\u00fdstavbu <strong>netypizovan\u00fdch origin\u00e1ln\u00edch rodinn\u00fdch dom\u016f, komfortn\u00edch vil, bytov\u00fdch dom\u016f, pr\u016fmyslov\u00fdch staveb<\/strong>, <strong>kancel\u00e1\u0159\u00ed <\/strong>a dal\u0161\u00edch objekt\u016f pozemn\u00ed v\u00fdstavby. K\u00a0v\u00fdstavb\u011b jsou pou\u017eity r\u016fzn\u00e9 typy materi\u00e1l\u016f a konstrukc\u00ed v\u010detn\u011b d\u0159evostaveb.<\/p>\n<p>V\u00a0r\u00e1mci v\u00fdvoje spole\u010dnosti a roz\u0161\u00ed\u0159en\u00ed portfolia stavebn\u00edch \u0159emesel byla nav\u00e1zan\u00e1 dlouhodob\u00e1 <strong>\u00fazk\u00e1 spolupr\u00e1ce s\u00a0p\u0159edn\u00edmi v\u00fdrobci materi\u00e1l\u016f a technologi\u00ed<\/strong> v\u00a0\u010cesk\u00e9 republice. D\u00edky tomu spole\u010dnost neust\u00e1le dr\u017e\u00ed krok s\u00a0posledn\u00edmi trendy a modern\u00edmi technologiemi v\u00a0oblasti stavebnictv\u00ed.<\/p>\n<p>S\u00eddlo spole\u010dnosti je v\u00a0Praze, novostavby jsou realizov\u00e1ny v\u00a0drtiv\u00e9 v\u011bt\u0161in\u011b<strong> bu\u010f p\u0159\u00edmo v\u00a0Praze, nebo ve St\u0159edn\u00edch \u010cech\u00e1ch<\/strong>. V\u00a0posledn\u00edch letech v\u0161ak firma postavila zaj\u00edmav\u00e9 stavby i v\u00a0jin\u00fdch \u010d\u00e1stech \u010cesk\u00e9 republiky.<\/p>\n","protected":false},"excerpt":{"rendered":"<p>V\u00a0oblasti novostaveb se spole\u010dnost NEO BUILDER a.s. zam\u011b\u0159uje p\u0159edev\u0161\u00edm na v\u00fdstavbu netypizovan\u00fdch origin\u00e1ln\u00edch rodinn\u00fdch dom\u016f, komfortn\u00edch vil, bytov\u00fdch dom\u016f, pr\u016fmyslov\u00fdch staveb, kancel\u00e1\u0159\u00ed a dal\u0161\u00edch objekt\u016f pozemn\u00ed v\u00fdstavby. K\u00a0v\u00fdstavb\u011b jsou pou\u017eity r\u016fzn\u00e9 typy materi\u00e1l\u016f a konstrukc\u00ed v\u010detn\u011b d\u0159evostaveb. V\u00a0r\u00e1mci v\u00fdvoje spole\u010dnosti a roz\u0161\u00ed\u0159en\u00ed portfolia stavebn\u00edch \u0159emesel byla nav\u00e1zan\u00e1 dlouhodob\u00e1 \u00fazk\u00e1 spolupr\u00e1ce s\u00a0p\u0159edn\u00edmi v\u00fdrobci materi\u00e1l\u016f a technologi\u00ed [&hellip;]<\/p>\n","protected":false},"author":1,"featured_media":0,"parent":0,"menu_order":0,"comment_status":"closed","ping_status":"closed","template":"templates\/novostavby.php","meta":{"inline_featured_image":false,"footnotes":""},"class_list":["post-12","page","type-page","status-publish","hentry"],"_links":{"self":[{"href":"https:\/\/nbas.uwork.com.ua\/index.php?rest_route=\/wp\/v2\/pages\/12","targetHints":{"allow":["GET"]}}],"collection":[{"href":"https:\/\/nbas.uwork.com.ua\/index.php?rest_route=\/wp\/v2\/pages"}],"about":[{"href":"https:\/\/nbas.uwork.com.ua\/index.php?rest_route=\/wp\/v2\/types\/page"}],"author":[{"embeddable":true,"href":"https:\/\/nbas.uwork.com.ua\/index.php?rest_route=\/wp\/v2\/users\/1"}],"replies":[{"embeddable":true,"href":"https:\/\/nbas.uwork.com.ua\/index.php?rest_route=%2Fwp%2Fv2%2Fcomments&post=12"}],"version-history":[{"count":5,"href":"https:\/\/nbas.uwork.com.ua\/index.php?rest_route=\/wp\/v2\/pages\/12\/revisions"}],"predecessor-version":[{"id":205,"href":"https:\/\/nbas.uwork.com.ua\/index.php?rest_route=\/wp\/v2\/pages\/12\/revisions\/205"}],"wp:attachment":[{"href":"https:\/\/nbas.uwork.com.ua\/index.php?rest_route=%2Fwp%2Fv2%2Fmedia&parent=12"}],"curies":[{"name":"wp","href":"https:\/\/api.w.org\/{rel}","templated":true}]}}